{"id":7302,"date":"2022-12-19T13:17:52","date_gmt":"2022-12-19T13:17:52","guid":{"rendered":"https:\/\/the7.io\/online-courses\/?page_id=7302"},"modified":"2022-12-19T13:17:52","modified_gmt":"2022-12-19T13:17:52","slug":"magazine","status":"publish","type":"page","link":"https:\/\/medicar.la-marketingonlinevalencia.com\/index.php\/magazine\/","title":{"rendered":"Magazine"},"content":{"rendered":"\t\t<div data-elementor-type=\"wp-page\" data-elementor-id=\"7302\" class=\"elementor elementor-7302\">\n\t\t\t\t\t\t\t\t\t<section class=\"elementor-section elementor-top-section elementor-element elementor-element-e8d4395 elementor-section-boxed elementor-section-height-default elementor-section-height-default\" data-id=\"e8d4395\" data-element_type=\"section\">\n\t\t\t\t\t\t<div class=\"elementor-container elementor-column-gap-wide\">\n\t\t\t\t\t<div class=\"elementor-column elementor-col-100 elementor-top-column elementor-element elementor-element-ed9fd66\" data-id=\"ed9fd66\" data-element_type=\"column\">\n\t\t\t<div class=\"elementor-widget-wrap elementor-element-populated\">\n\t\t\t\t\t\t\t\t<div class=\"elementor-element elementor-element-93a9d23 elementor-widget elementor-widget-the7-taxonomy-filter\" data-id=\"93a9d23\" data-element_type=\"widget\" data-widget_type=\"the7-taxonomy-filter.default\">\n\t\t\t\t<div class=\"elementor-widget-container\">\n\t\t\t<div class=\"filter-decorations without-isotope filter filter-pointer-underline filter-animation-fade\"><div class=\"filter-categories\"><a href=\"\/index.php\/wp-json\/wp\/v2\/pages\/7302\" class=\"filter-item act\">All articles<\/a><a class=\"filter-item\" href=\"\/index.php\/wp-json\/wp\/v2\/pages\/7302?taxonomy=category&#038;term=covid-19\" data-filter=\".category-82\">COVID-19<\/a><a class=\"filter-item\" href=\"\/index.php\/wp-json\/wp\/v2\/pages\/7302?taxonomy=category&#038;term=pediatria\" data-filter=\".category-83\">Pediatr\u00eda<\/a><\/div><\/div>\t\t<\/div>\n\t\t\t\t<\/div>\n\t\t\t\t<div class=\"elementor-element elementor-element-550942a img-align-mobile-top img-align-tablet-top image-vertical-align-center icon-box-vertical-align-top img-align-left preserve-img-ratio-cover slide-h-position-left elementor-widget elementor-widget-the7-elements-simple-posts\" data-id=\"550942a\" data-element_type=\"widget\" data-widget_type=\"the7-elements-simple-posts.default\">\n\t\t\t\t<div class=\"elementor-widget-container\">\n\t\t\t<div class=\"the7-simple-widget-posts the7-elementor-widget the7-elements-simple-posts-550942a\" data-post-limit=\"-1\" data-pagination-mode=\"standard\" data-scroll-offset=\"\">\t\t\t<div class=\"dt-css-grid custom-pagination-handler\" data-columns=\"{&quot;d&quot;:1,&quot;t&quot;:1,&quot;p&quot;:1,&quot;wd&quot;:&quot;&quot;}\">\n\t\t\t\t\t\t\t\t\t<div class=\"wf-cell visible \">\n\t\t\t\t\t\t<article class=\"post visible wrapper post-8140 type-post status-publish format-standard has-post-thumbnail hentry category-covid-19 category-82 description-off\">\n\n\t\t\t\t\t\t\t<div class=\"post-content-wrapper\">\n\t\t\t\t\t\t\t\t\t\t\t\t\t\t\t\t\t<div class=\"the7-simple-post-thumb\">\n\t\t\t\t\t\t\t\t\t\t<a class=\"post-thumbnail-rollover layzr-bg img-css-resize-wrapper\" aria-label=\"Post image\" href=\"https:\/\/medicar.la-marketingonlinevalencia.com\/index.php\/2023\/05\/15\/faustino-blanco-la-atencion-primaria-no-ha-jugado-el-mismo-papel-durante-la-pandemia-de-covid-19\/\"><img fetchpriority=\"high\" decoding=\"async\" width=\"600\" height=\"400\" src=\"data:image\/svg+xml,%3Csvg%20xmlns%3D&#039;http%3A%2F%2Fwww.w3.org%2F2000%2Fsvg&#039;%20viewBox%3D&#039;0%200%20600%20400&#039;%2F%3E\" class=\"attachment-full size-full preload-me aspect lazy lazy-load\" alt=\"\" sizes=\"(max-width: 600px) 100vw, 600px\" style=\"--ratio: 600 \/ 400;\" data-src=\"https:\/\/medicar.la-marketingonlinevalencia.com\/wp-content\/uploads\/2022\/08\/la-atencion-primaria-durante-el-covid.jpeg\" loading=\"eager\" data-srcset=\"https:\/\/medicar.la-marketingonlinevalencia.com\/wp-content\/uploads\/2022\/08\/la-atencion-primaria-durante-el-covid.jpeg 600w, https:\/\/medicar.la-marketingonlinevalencia.com\/wp-content\/uploads\/2022\/08\/la-atencion-primaria-durante-el-covid-300x200.jpeg 300w\" \/><span class=\"the7-hover-icon\"><svg xmlns=\"http:\/\/www.w3.org\/2000\/svg\" viewBox=\"0 0 24 24\" width=\"24\" height=\"24\"><path fill=\"none\" d=\"M0 0h24v24H0z\"><\/path><path d=\"M4.5 10.5c-.825 0-1.5.675-1.5 1.5s.675 1.5 1.5 1.5S6 12.825 6 12s-.675-1.5-1.5-1.5zm15 0c-.825 0-1.5.675-1.5 1.5s.675 1.5 1.5 1.5S21 12.825 21 12s-.675-1.5-1.5-1.5zm-7.5 0c-.825 0-1.5.675-1.5 1.5s.675 1.5 1.5 1.5 1.5-.675 1.5-1.5-.675-1.5-1.5-1.5z\"><\/path><\/svg><\/span><\/a>\t\t\t\t\t\t\t\t\t<\/div>\n\t\t\t\t\t\t\t\t\t\t\t\t\t\t\t\t<div class=\"post-entry-content\">\n\t\t\t\t\t\t\t\t\t<h5 class=\"heading\"><a href=\"https:\/\/medicar.la-marketingonlinevalencia.com\/index.php\/2023\/05\/15\/faustino-blanco-la-atencion-primaria-no-ha-jugado-el-mismo-papel-durante-la-pandemia-de-covid-19\/\" rel=\"bookmark\" title=\"Faustino Blanco: \u201cLa atenci\u00f3n primaria no ha jugado el mismo papel durante la pandemia de COVID-19\u201d\" class=\"post-title\">Faustino Blanco: \u201cLa atenci\u00f3n primaria no ha jugado el mismo papel durante la pandemia de COVID-19\u201d<\/a><\/h5><div class=\"entry-meta\"><span class=\"meta-item category-link\"><a href=\"https:\/\/medicar.la-marketingonlinevalencia.com\/index.php\/category\/covid-19\/\" rel=\"tag\">COVID-19<\/a><\/span><span class=\"meta-item data-link\"><time class=\"entry-date updated\" datetime=\"2023-05-15T15:29:54+00:00\">15 de mayo de 2023<\/time><\/span><\/div><p class=\"short-description\">&nbsp; El exsecretario general de Sanidad, Faustino Blanco Gonz\u00e1lez, valora la importancia de la atenci\u00f3n primaria durante la crisis sanitaria derivada del COVID-19, la cual gestion\u00f3 en su inicio junto a Salvador Illa, exministro de Sanidad, y Fernando Sim\u00f3n, director del Centro de Coordinaci\u00f3n de Alertas y Emergencias Sanitarias Durante el\u00a0primer trimestre del a\u00f1o 2020,&hellip;<\/p><a href=\"https:\/\/medicar.la-marketingonlinevalencia.com\/index.php\/2023\/05\/15\/faustino-blanco-la-atencion-primaria-no-ha-jugado-el-mismo-papel-durante-la-pandemia-de-covid-19\/\" target=\"\" aria-label=\"Read more about Faustino Blanco: \u201cLa atenci\u00f3n primaria no ha jugado el mismo papel durante la pandemia de COVID-19\u201d\" class=\"box-button elementor-button elementor-size-sm\">Read article<\/a>\t\t\t\t\t\t\t\t<\/div>\n\t\t\t\t\t\t\t<\/div>\n\t\t\t\t\t\t<\/article>\n\t\t\t\t\t<\/div>\t\t\t\t\t\t\t\t\t\t<div class=\"wf-cell visible \">\n\t\t\t\t\t\t<article class=\"post visible wrapper post-8139 type-post status-publish format-standard has-post-thumbnail hentry category-covid-19 category-82 description-off\">\n\n\t\t\t\t\t\t\t<div class=\"post-content-wrapper\">\n\t\t\t\t\t\t\t\t\t\t\t\t\t\t\t\t\t<div class=\"the7-simple-post-thumb\">\n\t\t\t\t\t\t\t\t\t\t<a class=\"post-thumbnail-rollover layzr-bg img-css-resize-wrapper\" aria-label=\"Post image\" href=\"https:\/\/medicar.la-marketingonlinevalencia.com\/index.php\/2023\/05\/15\/daniel-lopez-acuna-no-estamos-ante-una-nueva-pandemia\/\"><img decoding=\"async\" width=\"800\" height=\"534\" src=\"data:image\/svg+xml,%3Csvg%20xmlns%3D&#039;http%3A%2F%2Fwww.w3.org%2F2000%2Fsvg&#039;%20viewBox%3D&#039;0%200%20800%20534&#039;%2F%3E\" class=\"attachment-full size-full preload-me aspect lazy lazy-load\" alt=\"\" sizes=\"(max-width: 800px) 100vw, 800px\" style=\"--ratio: 800 \/ 534;\" data-src=\"https:\/\/medicar.la-marketingonlinevalencia.com\/wp-content\/uploads\/2022\/07\/no-estamos-ante-una-nueva-pandemia.png\" loading=\"eager\" data-srcset=\"https:\/\/medicar.la-marketingonlinevalencia.com\/wp-content\/uploads\/2022\/07\/no-estamos-ante-una-nueva-pandemia.png 800w, https:\/\/medicar.la-marketingonlinevalencia.com\/wp-content\/uploads\/2022\/07\/no-estamos-ante-una-nueva-pandemia-300x200.png 300w, https:\/\/medicar.la-marketingonlinevalencia.com\/wp-content\/uploads\/2022\/07\/no-estamos-ante-una-nueva-pandemia-768x513.png 768w, https:\/\/medicar.la-marketingonlinevalencia.com\/wp-content\/uploads\/2022\/07\/no-estamos-ante-una-nueva-pandemia-600x401.png 600w\" \/><span class=\"the7-hover-icon\"><svg xmlns=\"http:\/\/www.w3.org\/2000\/svg\" viewBox=\"0 0 24 24\" width=\"24\" height=\"24\"><path fill=\"none\" d=\"M0 0h24v24H0z\"><\/path><path d=\"M4.5 10.5c-.825 0-1.5.675-1.5 1.5s.675 1.5 1.5 1.5S6 12.825 6 12s-.675-1.5-1.5-1.5zm15 0c-.825 0-1.5.675-1.5 1.5s.675 1.5 1.5 1.5S21 12.825 21 12s-.675-1.5-1.5-1.5zm-7.5 0c-.825 0-1.5.675-1.5 1.5s.675 1.5 1.5 1.5 1.5-.675 1.5-1.5-.675-1.5-1.5-1.5z\"><\/path><\/svg><\/span><\/a>\t\t\t\t\t\t\t\t\t<\/div>\n\t\t\t\t\t\t\t\t\t\t\t\t\t\t\t\t<div class=\"post-entry-content\">\n\t\t\t\t\t\t\t\t\t<h5 class=\"heading\"><a href=\"https:\/\/medicar.la-marketingonlinevalencia.com\/index.php\/2023\/05\/15\/daniel-lopez-acuna-no-estamos-ante-una-nueva-pandemia\/\" rel=\"bookmark\" title=\"Daniel L\u00f3pez-Acu\u00f1a: \u201cNo estamos ante una nueva pandemia\u201d\" class=\"post-title\">Daniel L\u00f3pez-Acu\u00f1a: \u201cNo estamos ante una nueva pandemia\u201d<\/a><\/h5><div class=\"entry-meta\"><span class=\"meta-item category-link\"><a href=\"https:\/\/medicar.la-marketingonlinevalencia.com\/index.php\/category\/covid-19\/\" rel=\"tag\">COVID-19<\/a><\/span><span class=\"meta-item data-link\"><time class=\"entry-date updated\" datetime=\"2023-05-15T15:29:54+00:00\">15 de mayo de 2023<\/time><\/span><\/div><p class=\"short-description\">El doctor en Salud P\u00fablica y especialista en Epidemiolog\u00eda, Daniel L\u00f3pez-Acu\u00f1a, afirma que la viruela del mono es un problema que hay que atajar y controlar, pero no debe haber alarma social, ya que este fen\u00f3meno no va a comportarse como el COVID-19 La Organizaci\u00f3n Mundial de la Salud ha declarado el brote de viruela&hellip;<\/p><a href=\"https:\/\/medicar.la-marketingonlinevalencia.com\/index.php\/2023\/05\/15\/daniel-lopez-acuna-no-estamos-ante-una-nueva-pandemia\/\" target=\"\" aria-label=\"Read more about Daniel L\u00f3pez-Acu\u00f1a: \u201cNo estamos ante una nueva pandemia\u201d\" class=\"box-button elementor-button elementor-size-sm\">Read article<\/a>\t\t\t\t\t\t\t\t<\/div>\n\t\t\t\t\t\t\t<\/div>\n\t\t\t\t\t\t<\/article>\n\t\t\t\t\t<\/div>\t\t\t\t\t\t\t\t\t\t<div class=\"wf-cell visible \">\n\t\t\t\t\t\t<article class=\"post visible wrapper post-8106 type-post status-publish format-standard has-post-thumbnail hentry category-pediatria\">\n\n\t\t\t\t\t\t\t<div class=\"post-content-wrapper\">\n\t\t\t\t\t\t\t\t\t\t\t\t\t\t\t\t\t<div class=\"the7-simple-post-thumb\">\n\t\t\t\t\t\t\t\t\t\t<a class=\"post-thumbnail-rollover layzr-bg img-css-resize-wrapper\" aria-label=\"Post image\" href=\"https:\/\/medicar.la-marketingonlinevalencia.com\/index.php\/2023\/05\/15\/ser-pediatra-en-una-pandemia-de-adultos\/\"><img decoding=\"async\" width=\"800\" height=\"534\" src=\"data:image\/svg+xml,%3Csvg%20xmlns%3D&#039;http%3A%2F%2Fwww.w3.org%2F2000%2Fsvg&#039;%20viewBox%3D&#039;0%200%20800%20534&#039;%2F%3E\" class=\"attachment-full size-full preload-me aspect lazy lazy-load\" alt=\"\" sizes=\"(max-width: 800px) 100vw, 800px\" style=\"--ratio: 800 \/ 534;\" data-src=\"https:\/\/medicar.la-marketingonlinevalencia.com\/wp-content\/uploads\/2023\/05\/ser-pediatra.png\" loading=\"eager\" data-srcset=\"https:\/\/medicar.la-marketingonlinevalencia.com\/wp-content\/uploads\/2023\/05\/ser-pediatra.png 800w, https:\/\/medicar.la-marketingonlinevalencia.com\/wp-content\/uploads\/2023\/05\/ser-pediatra-300x200.png 300w, https:\/\/medicar.la-marketingonlinevalencia.com\/wp-content\/uploads\/2023\/05\/ser-pediatra-768x513.png 768w, https:\/\/medicar.la-marketingonlinevalencia.com\/wp-content\/uploads\/2023\/05\/ser-pediatra-600x401.png 600w\" \/><span class=\"the7-hover-icon\"><svg xmlns=\"http:\/\/www.w3.org\/2000\/svg\" viewBox=\"0 0 24 24\" width=\"24\" height=\"24\"><path fill=\"none\" d=\"M0 0h24v24H0z\"><\/path><path d=\"M4.5 10.5c-.825 0-1.5.675-1.5 1.5s.675 1.5 1.5 1.5S6 12.825 6 12s-.675-1.5-1.5-1.5zm15 0c-.825 0-1.5.675-1.5 1.5s.675 1.5 1.5 1.5S21 12.825 21 12s-.675-1.5-1.5-1.5zm-7.5 0c-.825 0-1.5.675-1.5 1.5s.675 1.5 1.5 1.5 1.5-.675 1.5-1.5-.675-1.5-1.5-1.5z\"><\/path><\/svg><\/span><\/a>\t\t\t\t\t\t\t\t\t<\/div>\n\t\t\t\t\t\t\t\t\t\t\t\t\t\t\t\t<div class=\"post-entry-content\">\n\t\t\t\t\t\t\t\t\t<h5 class=\"heading\"><a href=\"https:\/\/medicar.la-marketingonlinevalencia.com\/index.php\/2023\/05\/15\/ser-pediatra-en-una-pandemia-de-adultos\/\" rel=\"bookmark\" title=\"Ser pediatra en una pandemia de adultos\" class=\"post-title\">Ser pediatra en una pandemia de adultos<\/a><\/h5><div class=\"entry-meta\"><span class=\"meta-item category-link\"><a href=\"https:\/\/medicar.la-marketingonlinevalencia.com\/index.php\/category\/pediatria\/\" rel=\"tag\">Pediatr\u00eda<\/a><\/span><span class=\"meta-item data-link\"><time class=\"entry-date updated\" datetime=\"2023-05-15T15:29:49+00:00\">15 de mayo de 2023<\/time><\/span><\/div><p class=\"short-description\">El doctor Alejandro L\u00f3pez Escobar ha publicado \u201cSer pediatra en una pandemia de adultos\u201d, un libro que narra las historias reales de 13 pediatras desde el comienzo de la pandemia COVID-19 hasta el presente La pandemia de coronavirus ha marcado un antes y un despu\u00e9s en la vida de todos, pero ha impactado especialmente en&hellip;<\/p><a href=\"https:\/\/medicar.la-marketingonlinevalencia.com\/index.php\/2023\/05\/15\/ser-pediatra-en-una-pandemia-de-adultos\/\" target=\"\" aria-label=\"Read more about Ser pediatra en una pandemia de adultos\" class=\"box-button elementor-button elementor-size-sm\">Read article<\/a>\t\t\t\t\t\t\t\t<\/div>\n\t\t\t\t\t\t\t<\/div>\n\t\t\t\t\t\t<\/article>\n\t\t\t\t\t<\/div>\t\t\t\t\t\t\t\t<\/div>\n\t\t<\/div>\t\t<\/div>\n\t\t\t\t<\/div>\n\t\t\t\t\t<\/div>\n\t\t<\/div>\n\t\t\t\t\t\t\t<\/div>\n\t\t<\/section>\n\t\t\t\t\t\t\t<\/div>\n\t\t","protected":false},"excerpt":{"rendered":"","protected":false},"author":1,"featured_media":0,"parent":0,"menu_order":141,"comment_status":"closed","ping_status":"closed","template":"","meta":{"footnotes":""},"class_list":["post-7302","page","type-page","status-publish","hentry"],"_links":{"self":[{"href":"https:\/\/medicar.la-marketingonlinevalencia.com\/index.php\/wp-json\/wp\/v2\/pages\/7302","targetHints":{"allow":["GET"]}}],"collection":[{"href":"https:\/\/medicar.la-marketingonlinevalencia.com\/index.php\/wp-json\/wp\/v2\/pages"}],"about":[{"href":"https:\/\/medicar.la-marketingonlinevalencia.com\/index.php\/wp-json\/wp\/v2\/types\/page"}],"author":[{"embeddable":true,"href":"https:\/\/medicar.la-marketingonlinevalencia.com\/index.php\/wp-json\/wp\/v2\/users\/1"}],"replies":[{"embeddable":true,"href":"https:\/\/medicar.la-marketingonlinevalencia.com\/index.php\/wp-json\/wp\/v2\/comments?post=7302"}],"version-history":[{"count":0,"href":"https:\/\/medicar.la-marketingonlinevalencia.com\/index.php\/wp-json\/wp\/v2\/pages\/7302\/revisions"}],"wp:attachment":[{"href":"https:\/\/medicar.la-marketingonlinevalencia.com\/index.php\/wp-json\/wp\/v2\/media?parent=7302"}],"curies":[{"name":"wp","href":"https:\/\/api.w.org\/{rel}","templated":true}]}}